{"id":2,"date":"2014-09-26T11:00:08","date_gmt":"2014-09-26T14:00:08","guid":{"rendered":"http:\/\/alejandrocruz.com.ar\/ac\/?page_id=2"},"modified":"2020-06-08T23:54:31","modified_gmt":"2020-06-09T02:54:31","slug":"inicio","status":"publish","type":"page","link":"https:\/\/alejandrocruz.com.ar\/ac\/","title":{"rendered":"Inicio"},"content":{"rendered":"<p><img loading=\"lazy\" decoding=\"async\" class=\"alignnone size-medium wp-image-119\" src=\"https:\/\/alejandrocruz.com.ar\/ac\/wp-content\/uploads\/2020\/06\/Logo-AC-Construcciones-300x91.jpg\" alt=\"\" width=\"300\" height=\"91\" srcset=\"https:\/\/alejandrocruz.com.ar\/ac\/wp-content\/uploads\/2020\/06\/Logo-AC-Construcciones-300x91.jpg 300w, https:\/\/alejandrocruz.com.ar\/ac\/wp-content\/uploads\/2020\/06\/Logo-AC-Construcciones.jpg 593w\" sizes=\"auto, (max-width: 300px) 100vw, 300px\" \/><\/p>\n<ul>\n<li><span style=\"color: #0000ff;\"><em><b style=\"color: #0000ff;\">Construcci\u00f3n en gral: <\/b><span style=\"color: #999999;\">Viviendas, edificios, obras de arquitectura e ingenier\u00eda en gral. (Tradicional \/ Steel Framing \/ Mixta) <\/span>&nbsp;<\/em><\/span><\/li>\n<li><span style=\"color: #0000ff;\"><em><b style=\"color: #0000ff;\">Taller <\/b><span style=\"color: #0000ff;\"><b>metal\u00fargico: <\/b><span style=\"color: #999999;\">Estructuras met\u00e1licas en gral<\/span><\/span><span style=\"color: #999999;\">.<\/span><\/em><\/span><\/li>\n<li><span style=\"color: #0000ff;\"><em><strong>Servicios en miner\u00eda: <\/strong><span style=\"color: #999999;\">Mantenimiento edilicio, estructuras de H\u00b0A\u00b0, estructuras met\u00e1licas, soldaduras especiales y calificadas.<\/span><\/em><\/span><\/li>\n<li><span style=\"color: #0000ff;\"><em><strong style=\"color: #0000ff;\">Movimiento de suelos: <\/strong><span style=\"color: #999999;\">Trabajos en general, excavaci\u00f3n para subsuelos.<\/span><\/em><\/span><\/li>\n<\/ul>\n<hr>\n<ul>\n<li><span style=\"color: #0000ff;\"><em><strong>Terrenos<\/strong> <span style=\"color: #999999;\">(Loteos)<\/span><\/em><\/span><\/li>\n<li><span style=\"color: #0000ff;\"><em><strong>Casas &amp; Condominios<\/strong> <span style=\"color: #999999;\">(PH &#8211; Duplex)<\/span><\/em><\/span><\/li>\n<li><span style=\"color: #0000ff;\"><em><strong>Edificios <\/strong><span style=\"color: #999999;\">(Departamentos &#8211; Locales &#8211; Oficinas &#8211; Cocheras)<\/span><\/em><\/span><\/li>\n<li><span style=\"color: #0000ff;\"><em><strong>Renta hotelera \/ Condo-Hotel <\/strong><span style=\"color: #999999;\">(Pool de renta \/ Fractional)<\/span><\/em><\/span><\/li>\n<\/ul>\n<p>Contacto: &nbsp;<strong>alejandro@alejandrocruz.com.ar<\/strong><\/p>\n\n\n<p><\/p>\n","protected":false},"excerpt":{"rendered":"<p>Construcci\u00f3n en gral: Viviendas, edificios, obras de arquitectura e ingenier\u00eda en gral. (Tradicional \/ Steel Framing \/ Mixta) &nbsp; Taller metal\u00fargico: Estructuras met\u00e1licas en gral. Servicios en miner\u00eda: Mantenimiento edilicio, estructuras de H\u00b0A\u00b0, estructuras met\u00e1licas, soldaduras especiales y calificadas. Movimiento de suelos: Trabajos en general, excavaci\u00f3n para subsuelos. Terrenos (Loteos) Casas &amp; Condominios (PH &#8211; &hellip; <a href=\"https:\/\/alejandrocruz.com.ar\/ac\/\" class=\"more-link\">Seguir leyendo <span class=\"screen-reader-text\">Inicio<\/span> <span class=\"meta-nav\">&rarr;<\/span><\/a><\/p>\n","protected":false},"author":1,"featured_media":0,"parent":0,"menu_order":0,"comment_status":"closed","ping_status":"closed","template":"","meta":{"footnotes":""},"class_list":["post-2","page","type-page","status-publish","hentry"],"_links":{"self":[{"href":"https:\/\/alejandrocruz.com.ar\/ac\/wp-json\/wp\/v2\/pages\/2","targetHints":{"allow":["GET"]}}],"collection":[{"href":"https:\/\/alejandrocruz.com.ar\/ac\/wp-json\/wp\/v2\/pages"}],"about":[{"href":"https:\/\/alejandrocruz.com.ar\/ac\/wp-json\/wp\/v2\/types\/page"}],"author":[{"embeddable":true,"href":"https:\/\/alejandrocruz.com.ar\/ac\/wp-json\/wp\/v2\/users\/1"}],"replies":[{"embeddable":true,"href":"https:\/\/alejandrocruz.com.ar\/ac\/wp-json\/wp\/v2\/comments?post=2"}],"version-history":[{"count":58,"href":"https:\/\/alejandrocruz.com.ar\/ac\/wp-json\/wp\/v2\/pages\/2\/revisions"}],"predecessor-version":[{"id":125,"href":"https:\/\/alejandrocruz.com.ar\/ac\/wp-json\/wp\/v2\/pages\/2\/revisions\/125"}],"wp:attachment":[{"href":"https:\/\/alejandrocruz.com.ar\/ac\/wp-json\/wp\/v2\/media?parent=2"}],"curies":[{"name":"wp","href":"https:\/\/api.w.org\/{rel}","templated":true}]}}